{"id":227,"date":"2023-07-04T09:28:15","date_gmt":"2023-07-04T08:28:15","guid":{"rendered":"https:\/\/mintcream-horse-263861.hostingersite.com\/?page_id=227"},"modified":"2023-10-10T10:44:31","modified_gmt":"2023-10-10T08:44:31","slug":"aviso-legal","status":"publish","type":"page","link":"https:\/\/fisiocorpgroup.com\/es\/avis-legal\/","title":{"rendered":"Aviso Legal"},"content":{"rendered":"<div data-elementor-type=\"wp-page\" data-elementor-id=\"227\" class=\"elementor elementor-227\" data-elementor-post-type=\"page\">\n\t\t\t\t\t\t<section class=\"elementor-section elementor-top-section elementor-element elementor-element-3f12c5c1 elementor-section-boxed elementor-section-height-default elementor-section-height-default\" data-id=\"3f12c5c1\" data-element_type=\"section\" data-e-type=\"section\">\n\t\t\t\t\t\t<div class=\"elementor-container elementor-column-gap-default\">\n\t\t\t\t\t<div class=\"elementor-column elementor-col-100 elementor-top-column elementor-element elementor-element-15a4db13\" data-id=\"15a4db13\" data-element_type=\"column\" data-e-type=\"column\">\n\t\t\t<div class=\"elementor-widget-wrap elementor-element-populated\">\n\t\t\t\t\t\t<div class=\"elementor-element elementor-element-447bd935 elementor-widget elementor-widget-text-editor\" data-id=\"447bd935\" data-element_type=\"widget\" data-e-type=\"widget\" data-widget_type=\"text-editor.default\">\n\t\t\t\t<div class=\"elementor-widget-container\">\n\t\t\t\t\t\t\t\t\t\n<h3 class=\"wp-block-heading\"><strong>IDENTIDAD DEL TITULAR DEL SITIO WEB<\/strong><\/h3>\n\n<p><strong>Nombre comercial: <\/strong>Cl\u00ednica Fisiocorp<\/p>\n\n<p><strong>Denominaci\u00f3n social: <\/strong>Adri\u00e0 Sol\u00eds Sinyol (en adelante EL TITULAR DE LA WEB)<\/p>\n\n<p><strong>NIF: <\/strong>77122674V<strong><br \/><\/strong><\/p>\n\n<p><strong>Direcci\u00f3n: <\/strong>Madro\u00f1o 15, 4\u00aa Vilafranca<strong><br \/><\/strong><\/p>\n\n<p><strong>Tel\u00e9fono: <\/strong><a href=\"tel:+34670933740\">670933740<\/a><\/p>\n\n<p><strong>eMail: <\/strong><a href=\"mailto:adriasolissinyol@gmail.com\" target=\"_blank\" rel=\"noreferrer noopener\"><u>adriasolissinyol@gmail.com<\/u><\/a><\/p>\n\n<h2 class=\"wp-block-heading\">\u00a0<\/h2>\n<h3 class=\"wp-block-heading\"><strong>T\u00c9RMINOS LEGALES Y CONDICIONES<\/strong><\/h3>\n\n<p>La utilizaci\u00f3n de este sitio web atribuye al navegante la condici\u00f3n de usuario del sitio, lo que implica la adhesi\u00f3n a las presentes condiciones en la versi\u00f3n publicada en el momento en que se permita la entrada. Por eso, EL TITULAR DE LA WEB recomienda al usuario leer las mismas atentamente cada vez que acceda al sitio web. El acceso a determinados contenidos ofrecidos a trav\u00e9s de este sitio web puede encontrarse sometido a ciertas condiciones particulares propias que, seg\u00fan los casos, sustituyen, completan y\/o modifican estas condiciones generales. Por tanto, con anterioridad al acceso y\/o utilizaci\u00f3n de estos contenidos, el usuario debe leer atentamente tambi\u00e9n las correspondientes condiciones particulares. EL TITULAR DE LA WEB podr\u00e1 alterar en cualquier momento y sin previo aviso, el dise\u00f1o, presentaci\u00f3n y\/o configuraci\u00f3n del sitio Web, as\u00ed como algunos o todos los Contenidos, y modificar las condiciones generales y\/o condiciones particulares requeridas para utilizar los mismos.<\/p>\n<p>\u00a0<\/p>\n\n<h3 class=\"wp-block-heading\"><strong>RESPONSABILIDAD Y GARANT\u00cdA DEL TITULAR DE LA WEB<\/strong><\/h3>\n\n<p class=\"wp-block-heading\"><strong>ACCESO<\/strong><\/p>\n\n<p>Con car\u00e1cter general, los usuarios podr\u00e1n acceder al sitio web de forma libre y gratuita. Sin embargo EL TITULAR DE LA WEB se reserva de acuerdo con la legislaci\u00f3n vigente el derecho de limitar el acceso a determinadas \u00e1reas del sitio web. En estos casos, como requisito previo para poder acceder al servicio, el Usuario deber\u00e1 registrarse facilitando toda la informaci\u00f3n solicitada, de forma actualizada y real (ver pol\u00edtica de privacidad). El uso de la contrase\u00f1a es personal e intransferible, no estando permitida la cesi\u00f3n, ni siquiera temporal, a terceros. En este sentido, el Usuario se compromete a hacer uno es diligente ya mantener en secreto la misma, asumiendo toda responsabilidad por las consecuencias de su divulgaci\u00f3n a terceros.<\/p>\n\n<p class=\"wp-block-heading\"><strong>CONTENIDOS<\/strong><\/p>\n\n<p>EL TITULAR DE LA WEB se reserva el derecho a interrumpir el acceso a su sitio web, as\u00ed como la prestaci\u00f3n de cualquiera o de todos los Contenidos que se prestan a trav\u00e9s del mismo en cualquier momento y sin previo aviso, ya sea por motivos t\u00e9cnicos, de seguridad, de control, de mantenimiento, por fallos de suministro el\u00e9ctrico o por cualquier otra causa. Esta interrupci\u00f3n podr\u00e1 tener car\u00e1cter temporal o definitivo, en cuyo caso se comunicar\u00e1 tal circunstancia a los Usuarios, quienes podr\u00e1n sufrir la p\u00e9rdida, en su caso, de la informaci\u00f3n almacenada en los diferentes servicios. En consecuencia, EL TITULAR DE LA WEB no garantiza la fiabilidad, la disponibilidad ni la continuidad de su sitio web ni de los Contenidos, tanto los propios como los de otros sitios web a los que se pueda acceder mediante enlaces, por lo que la utilizaci\u00f3n de los mismos por parte del Usuario se lleva a cabo por su propia cuenta y riesgo, sin que, en ning\u00fan momento, puedan exigir responsabilidades a EL TITULAR EL TITULAR DE LA WEB no ser\u00e1 responsable de cualquier tipo de perjuicio, p\u00e9rdidas, reclamaciones o gastos de ning\u00fan tipo, de la Informaci\u00f3n adquirida o accedida por oa trav\u00e9s del sitio web, de virus inform\u00e1ticos, de fallos operativos o de interrupciones en el servicio o transmisi\u00f3n, o fallos en la l\u00ednea. Queda prohibido transmitir o enviar a trav\u00e9s del sitio web cualquier contenido ilegal o il\u00edcito, virus inform\u00e1ticos, o mensajes que, en general, afecten o violen derechos de EL TITULAR DE LA WEB o de terceros.<\/p>\n\n<p class=\"wp-block-heading\"><strong>PROPIEDAD INDUSTRIAL E INTELECTUAL<\/strong><\/p>\n\n<p>Esta web es propiedad de EL TITULAR DE LA WEB. Los derechos de Propiedad Intelectual y derechos de explotaci\u00f3n y reproducci\u00f3n de esta web, de sus p\u00e1ginas, pantallas, la informaci\u00f3n que contienen, su apariencia y dise\u00f1o, as\u00ed como los v\u00ednculos que se establezcan desde ella a otras p\u00e1ginas, son propiedad exclusiva del mismo, salvo que se especifique otra cosa. Todas las denominaciones, dise\u00f1os y\/o logotipos que componen esta p\u00e1gina son marcas debidamente registradas. Cualquiera es indebido de las mismas por persona distinta de su leg\u00f3timo titular podr\u00e1 ser perseguido de conformidad con la legislaci\u00f3n vigente. Los derechos de propiedad intelectual y marcas de terceros est\u00e1n convenientemente destacados y deben ser respetados por todo aquel que acceda a la web. S\u00f3lo para uso personal y privado se permite descargar los contenidos, copiar o imprimir cualquier p\u00e1gina de esta Web. Queda prohibido reproducir, transmitir, modificar o suprimir la informaci\u00f3n, contenido o advertencias de esta web sin la previa autorizaci\u00f3n escrita de EL TITULAR DE LA WEB.<\/p>\n<p>\u00a0<\/p>\n\n<h3 class=\"wp-block-heading\"><strong>LEGISLACI\u00d3N APLICABLE<\/strong><\/h3>\n\n<p>Las presentes condiciones generales se rigen por la legislaci\u00f3n espa\u00f1ola.<\/p>\n<p>\u00a0<\/p>\n\n<h3 class=\"wp-block-heading\"><strong>POL\u00cdTICA DE PRIVACIDAD<\/strong><\/h3>\n\n<p>A efectos de lo dispuesto en la normativa vigente relativa a la protecci\u00f3n de datos de car\u00e1cter personal, EL TITULAR DE LA WEB informa que los datos personales que nos pudiera facilitar durante la navegaci\u00f3n por nuestro sitio web ser\u00e1n incorporados a un tratamiento de datos de responsabilidad de EL TITULAR DE LA WEB, con la \u00fanica finalidad de poder gestionar su petici\u00f3n. S\u00f3lo en caso de que el usuario haya dado su consentimiento expreso, EL TITULAR DE LA WEB le enviar\u00e1 informaci\u00f3n; t\u00e9cnica, operativa y comercial, por cualquier medio, incluido el correo electr\u00f3nico y\/o medio equivalente, sobre productos, servicios, ofertas y novedades que consideramos de inter\u00e9s por el usuario. EL TITULAR DE LA WEB se compromete al cumplimiento de su obligaci\u00f3n de secreto de los datos de car\u00e1cter personal y de su deber de guardar y adoptar\u00e1 las medidas necesarias para evitar su alteraci\u00f3n, p\u00e9rdida, tratamiento o acceso no autorizado, teniendo en cuenta en todo momento el estado de la tecnolog\u00eda, cumpliendo con las medidas de seguridad t\u00e9cnicas y organizativas. Por \u00faltimo, le informamos sobre la posibilidad de ejercitar los derechos de acceso, rectificaci\u00f3n, cancelaci\u00f3n y oposici\u00f3n mediante formulario dirigido al administrador del sistema.<\/p>\n\t\t\t\t\t\t\t\t<\/div>\n\t\t\t\t<\/div>\n\t\t\t\t\t<\/div>\n\t\t<\/div>\n\t\t\t\t\t<\/div>\n\t\t<\/section>\n\t\t\t\t<\/div>","protected":false},"excerpt":{"rendered":"<p>IDENTITAT DEL TITULAR DEL LLOC WEB Nom comercial: Cl\u00ednica Fisiocorp Denominaci\u00f3 social: Adri\u00e0 Sol\u00eds Sinyol (des d\u2019ara EL TITULAR DEL WEB) NIF: 77122674V Adre\u00e7a: Arbo\u00e7 15, 4t1a Vilafranca Tel\u00e8fon: 670933740 eMail: adriasolissinyol@gmail.com \u00a0 TERMES LEGALS I CONDICIONS La utilitzaci\u00f3 d\u2019aquest lloc web atribueix al navegant la condici\u00f3 d\u2019usuari del lloc, la qual cosa implica l\u2019adhesi\u00f3 [&hellip;]<\/p>\n","protected":false},"author":1,"featured_media":0,"parent":0,"menu_order":0,"comment_status":"closed","ping_status":"closed","template":"","meta":{"footnotes":""},"class_list":["post-227","page","type-page","status-publish","hentry"],"_links":{"self":[{"href":"https:\/\/fisiocorpgroup.com\/es\/wp-json\/wp\/v2\/pages\/227","targetHints":{"allow":["GET"]}}],"collection":[{"href":"https:\/\/fisiocorpgroup.com\/es\/wp-json\/wp\/v2\/pages"}],"about":[{"href":"https:\/\/fisiocorpgroup.com\/es\/wp-json\/wp\/v2\/types\/page"}],"author":[{"embeddable":true,"href":"https:\/\/fisiocorpgroup.com\/es\/wp-json\/wp\/v2\/users\/1"}],"replies":[{"embeddable":true,"href":"https:\/\/fisiocorpgroup.com\/es\/wp-json\/wp\/v2\/comments?post=227"}],"version-history":[{"count":5,"href":"https:\/\/fisiocorpgroup.com\/es\/wp-json\/wp\/v2\/pages\/227\/revisions"}],"predecessor-version":[{"id":894,"href":"https:\/\/fisiocorpgroup.com\/es\/wp-json\/wp\/v2\/pages\/227\/revisions\/894"}],"wp:attachment":[{"href":"https:\/\/fisiocorpgroup.com\/es\/wp-json\/wp\/v2\/media?parent=227"}],"curies":[{"name":"wp","href":"https:\/\/api.w.org\/{rel}","templated":true}]}}