{"id":3,"date":"2023-06-21T15:55:56","date_gmt":"2023-06-21T14:55:56","guid":{"rendered":"https:\/\/mintcream-horse-263861.hostingersite.com\/?page_id=3"},"modified":"2023-07-07T09:59:35","modified_gmt":"2023-07-07T08:59:35","slug":"politica-privacidad","status":"publish","type":"page","link":"https:\/\/fisiocorpgroup.com\/es\/politica-privacitat\/","title":{"rendered":"Pol\u00edtica de Privacidad"},"content":{"rendered":"<div data-elementor-type=\"wp-page\" data-elementor-id=\"3\" class=\"elementor elementor-3\" data-elementor-post-type=\"page\">\n\t\t\t\t\t\t<section class=\"elementor-section elementor-top-section elementor-element elementor-element-428fb509 elementor-section-boxed elementor-section-height-default elementor-section-height-default\" data-id=\"428fb509\" data-element_type=\"section\" data-e-type=\"section\">\n\t\t\t\t\t\t<div class=\"elementor-container elementor-column-gap-default\">\n\t\t\t\t\t<div class=\"elementor-column elementor-col-100 elementor-top-column elementor-element elementor-element-5ff70a99\" data-id=\"5ff70a99\" data-element_type=\"column\" data-e-type=\"column\">\n\t\t\t<div class=\"elementor-widget-wrap elementor-element-populated\">\n\t\t\t\t\t\t<div class=\"elementor-element elementor-element-36297c73 elementor-widget elementor-widget-text-editor\" data-id=\"36297c73\" data-element_type=\"widget\" data-e-type=\"widget\" data-widget_type=\"text-editor.default\">\n\t\t\t\t<div class=\"elementor-widget-container\">\n\t\t\t\t\t\t\t\t\t<p><\/p>\n<h3 class=\"wp-block-heading\"><strong>Qu\u00e9 son las\u00a0<em>cookies<\/em>?<\/strong><\/h3>\n<p><\/p>\n<p>Las\u00a0<em>cookies<\/em>\u00a0son peque\u00f1os archivos de datos que se reciben en el terminal desde el sitio web visitado y se usan para registrar ciertas interacciones de la navegaci\u00f3n en un sitio web almacenando datos que podr\u00e1n ser actualizados y recuperados. Estos archivos se almacenan en el ordenador del usuario y contienen datos an\u00f3nimos que no son perjudiciales para su equipo. Se utilizan para recordar las preferencias del usuario, como el idioma seleccionado, los datos de acceso o la personalizaci\u00f3n de la p\u00e1gina.<\/p>\n<p><\/p>\n<p>Las\u00a0<em>cookies<\/em>\u00a0tambi\u00e9n pueden ser utilizadas para registrar informaci\u00f3n an\u00f3nima sobre c\u00f3mo utiliza el sitio el visitante. Por ejemplo, desde qu\u00e9 p\u00e1gina web ha accedido o si ha utilizado un banner publicitario para llegar a \u00e9l.<\/p>\n<p>\u00a0<\/p>\n<p>\u00a0<\/p>\n<p><\/p>\n<h3 class=\"wp-block-heading\"><strong>Por qu\u00e9 ESTA WEB utiliza <em>cookies<\/em>?<\/strong><\/h3>\n<p><\/p>\n<p>ESTA WEB utiliza <em>cookies<\/em>\u00a0estrictamente necesarias y esenciales para que usted utilice nuestros sitios web y pueda moverse libremente, utilizar \u00e1reas seguras, configurar opciones personalizadas, etc. Adem\u00e1s, utiliza\u00a0<em>cookies<\/em>\u00a0que recogen datos relativos al an\u00e1lisis de uso de la web. \u00c9stas se utilizan para ayudar a mejorar el servicio por el usuario, midiendo el uso y el rendimiento de la p\u00e1gina para optimizarla y personalizarla.<\/p>\n<p><\/p>\n<p>Nuestros sitios tambi\u00e9n pueden tener enlaces de redes sociales (como Facebook o Twitter). ESTA WEB no controla las <em>cookies<\/em>\u00a0utilizadas por estas webs externas. Para m\u00e1s informaci\u00f3n sobre las<em>cookies<\/em>\u00a0de las redes sociales u otras webs ajenas, aconsejamos que revise sus propias pol\u00edticas de\u00a0<em>cookies<\/em>.<\/p>\n<p>\u00a0<\/p>\n<p>\u00a0<\/p>\n<p><\/p>\n<h3 class=\"wp-block-heading\"><strong>Qu\u00e9 uso damos a los diferentes tipos de\u00a0<em>cookies<\/em>?<\/strong><\/h3>\n<p><\/p>\n<p class=\"wp-block-heading\"><strong>Seg\u00fan su finalidad:<\/strong><\/p>\n<p><\/p>\n<p><strong>Cookies t\u00e9cnicas<\/strong><\/p>\n<p><\/p>\n<p>Las\u00a0<em>cookies<\/em>\u00a0t\u00e9cnicas son aquellas imprescindibles y estrictamente necesarias para el correcto funcionamiento de un portal web y la utilizaci\u00f3n de las diferentes opciones y servicios que ofrece.<\/p>\n<p><\/p>\n<p>Por ejemplo, aquellas que sirven para el mantenimiento de la sesi\u00f3n, gesti\u00f3n del tiempo de respuesta, rendimiento o validaci\u00f3n de opciones, uso de elementos de seguridad, compartici\u00f3n de contenido con redes sociales, etc.<\/p>\n<p><\/p>\n<p><strong>Cookies de personalizaci\u00f3n<\/strong><\/p>\n<p><\/p>\n<p>\u00c9stas\u00a0<em>cookies<\/em>\u00a0permiten al usuario especificar o personalizar algunas caracter\u00edsticas de las opciones generales de la p\u00e1gina web. Por ejemplo, definir el idioma, la configuraci\u00f3n regional o el tipo de navegador.<\/p>\n<p><\/p>\n<p><strong>Cookies anal\u00edticas<\/strong><\/p>\n<p><\/p>\n<p>Las\u00a0<em>cookies<\/em>\u00a0anal\u00edticas son las utilizadas por nuestros portales web para elaborar perfiles de navegaci\u00f3n y poder conocer las preferencias de los usuarios con el fin de mejorar la oferta de productos y servicios.<\/p>\n<p><\/p>\n<p>Por ejemplo, mediante una\u00a0<em>cookie<\/em>\u00a0anal\u00edtica se controlar\u00edan las \u00e1reas geogr\u00e1ficas de mayor inter\u00e9s de un usuario, cu\u00e1l es el producto de mayor aceptaci\u00f3n, etc.<\/p>\n<p><\/p>\n<p><strong>Cookies publicitarias \/ de publicidad<\/strong><\/p>\n<p><\/p>\n<p>Las\u00a0<em>cookies<\/em>\u00a0publicitarias permiten la gesti\u00f3n de los espacios publicitarios de acuerdo a criterios concretos. Por ejemplo, la frecuencia de acceso, contenido editado, etc.<\/p>\n<p><\/p>\n<p>Las\u00a0<em>cookies<\/em>\u00a0publicitarias permiten, a trav\u00e9s de la gesti\u00f3n de la publicidad, almacenar informaci\u00f3n del comportamiento a trav\u00e9s de la observaci\u00f3n de h\u00e1bitos, estudiando los accesos y formando un perfil de preferencias del usuario, para ofrecerle publicidad relacionada con los intereses de su perfil.<\/p>\n<p>\u00a0<\/p>\n<p><\/p>\n<p>\u00a0<\/p>\n<p class=\"wp-block-heading\"><strong>Seg\u00fan plazo:<\/strong><\/p>\n<p><\/p>\n<p><strong>Cookies de sesi\u00f3n<\/strong><\/p>\n<p><\/p>\n<p>Las\u00a0<em>cookies<\/em>\u00a0de sesi\u00f3n son aquellas que duran el tiempo que el usuario est\u00e1 navegando por la p\u00e1gina web y se borran cuando acaba de hacerlo.<\/p>\n<p><\/p>\n<p><strong>Cookies persistentes<\/strong><\/p>\n<p><\/p>\n<p>\u00c9stas\u00a0<em>cookies<\/em>\u00a0quedan almacenadas en el terminal del usuario durante un tiempo m\u00e1s largo, facilitando as\u00ed el control de las preferencias escogidas sin tener que repetir ciertos par\u00e1metros cada vez que se visite el sitio web.<\/p>\n<p>\u00a0<\/p>\n<p>\u00a0<\/p>\n<p><\/p>\n<h3 class=\"wp-block-heading\"><strong>Y si no quiero tener estas\u00a0<em>cookies<\/em>\u00a0\u00bfo no hago nada?<\/strong><\/h3>\n<p><\/p>\n<p>Para cumplir con la legislaci\u00f3n vigente, debemos pedirle permiso para gestionar\u00a0<em>cookies<\/em>. Si decide no autorizar el tratamiento indic\u00e1ndonos que no est\u00e1 de acuerdo, s\u00f3lo utilizar\u00edamos las\u00a0<em>cookies<\/em>\u00a0t\u00e9cnicas, ya que son imprescindibles para navegar por nuestra web. En este caso, no almacenar\u00edamos ninguna <em>cookie<\/em>. Si continua navegando por nuestro sitio web sin denegar su autorizaci\u00f3n, esto implica que acepta su uso.<\/p>\n<p><\/p>\n<p>Tenga en cuenta que si rechaza o borra las\u00a0<em>cookies<\/em>\u00a0de navegaci\u00f3n por la web, no podremos mantener sus preferencias, algunas caracter\u00edsticas de las p\u00e1ginas no estar\u00e1n operativas, no podremos ofrecerle servicios personalizados y cada vez que navegue por nuestra web deberemos solicitarle de nuevo su autorizaci\u00f3n para el uso de\u00a0<em>cookies<\/em>.<\/p>\n<p><\/p>\n<p>Si, sin embargo, decide modificar la configuraci\u00f3n de su acceso a la p\u00e1gina web, debe saber que es posible eliminar las\u00a0<em>cookies<\/em>\u00a0o impedir que se registre esta informaci\u00f3n en su equipo en cualquier momento mediante la modificaci\u00f3n de los par\u00e1metros de configuraci\u00f3n de su navegador:<\/p>\n<p><\/p>\n<ul class=\"wp-block-list\">\n<li style=\"list-style-type: none;\">\n<ul><\/ul>\n<\/li>\n<\/ul>\n<ul>\n<li style=\"list-style-type: none;\">\n<ul>\n<li><a href=\"https:\/\/windows.microsoft.com\/es-es\/windows-vista\/block-or-allow-cookies\" target=\"_blank\" rel=\"noopener\">Configuraci\u00f3n de\u00a0<em>cookies<\/em>\u00a0de Internet Explorer<\/a><\/li>\n<\/ul>\n<\/li>\n<\/ul>\n<p><\/p>\n<ul>\n<li style=\"list-style-type: none;\">\n<ul>\n<li><a href=\"https:\/\/support.mozilla.org\/ca\/kb\/enable-and-disable-cookies-website-preferences\" target=\"_blank\" rel=\"noopener\">Configuraci\u00f3n de\u00a0<em>cookies<\/em>\u00a0de Firefox<\/a><\/li>\n<\/ul>\n<\/li>\n<\/ul>\n<p><\/p>\n<ul>\n<li style=\"list-style-type: none;\">\n<ul>\n<li><a href=\"https:\/\/support.google.com\/chrome\/answer\/95647?hl=ca\" target=\"_blank\" rel=\"noopener\">Configuraci\u00f3n de\u00a0<em>cookies<\/em>\u00a0de Google Chrome<\/a><\/li>\n<\/ul>\n<\/li>\n<\/ul>\n<p><\/p>\n<ul>\n<li style=\"list-style-type: none;\">\n<ul>\n<li><a href=\"https:\/\/support.apple.com\/kb\/HT1677?viewlocale=es_ES&amp;locale=es_ES\" target=\"_blank\" rel=\"noopener\">Configuraci\u00f3n de\u00a0<em>cookies<\/em>\u00a0de Safari<\/a><\/li>\n<\/ul>\n<\/li>\n<\/ul>\n<p><\/p>\n<p><\/p>\n<p>Estos navegadores est\u00e1n sometidos a actualizaciones o modificaciones, por lo que no podemos garantizar que se ajusten por completo a la versi\u00f3n de su navegador. Tambi\u00e9n puede que utilice otro navegador no contemplado en estos enlaces como Konqueror, Arora, Flock, etc.<\/p>\n<p><\/p>\n<p>Para evitar estos desajustes, puede acceder directamente desde las opciones de su navegador que se encuentra generalmente en el men\u00fa de Opciones, en la secci\u00f3n de \u201cPrivacidad\u201d. (Por favor, consulte la ayuda de su navegador para m\u00e1s informaci\u00f3n.)<\/p>\n<p>\u00a0<\/p>\n<p>\u00a0<\/p>\n<p><\/p>\n<h3 class=\"wp-block-heading\"><strong>Los datos recogidos en las\u00a0<em>cookies<\/em>, \u00bfse utilizan en webs que no son de ESTA WEB?<\/strong><\/h3>\n<p><\/p>\n<p>Alguna de nuestras\u00a0<em>cookies<\/em> se utiliza para generar publicidad en redes de terceros o para realizar anal\u00edticas para las que utilizamos herramientas externas a ESTA WEB. Las\u00a0<em>cookies<\/em>\u00a0utilizadas son para uso exclusivo del banco y su grupo de empresas, que en ning\u00fan caso las comercializa.<\/p>\n<p><\/p>\n<p>En esa WEB trabajamos con proveedores de confianza que nos ayudan en la gesti\u00f3n y personalizaci\u00f3n de nuestras p\u00e1ginas web.<\/p>\n<p><\/p>\n<h3 class=\"wp-block-heading\">\u00a0<\/h3>\n<h3 class=\"wp-block-heading\"><strong>Entonces, \u00bfqu\u00e9 significa la informaci\u00f3n anterior?<\/strong><\/h3>\n<p><\/p>\n<p>Si acepta las nuestras\u00a0<em>cookies<\/em>, nos permite la mejora de las webs de ESTA WEB para ofrecerle un acceso \u00f3ptimo y darle un servicio m\u00e1s eficaz y personalizado.<\/p>\n<p><\/p>\n<p>Adem\u00e1s, usted puede configurar su navegador para establecer que s\u00f3lo los sitios web de confianza o las p\u00e1ginas por las que est\u00e1 navegando en ese momento puedan gestionar\u00a0<em>cookies<\/em>, lo que le permite seleccionar sus preferencias.<\/p>\n<p><\/p>\n<p>Con esta pol\u00edtica, ESTA WEB demuestra el compromiso adquirido con la legislaci\u00f3n vigente sobre el uso de <em>cookies<\/em>, d\u00e1ndole informaci\u00f3n para que usted pueda comprender qu\u00e9 tipo de\u00a0<em>cookies<\/em>utilizaremos y por qu\u00e9 lo hacemos. Con ello pretendemos proporcionarle transparencia en relaci\u00f3n con los datos tratados durante la navegaci\u00f3n hecha desde su equipo en nuestra web.<\/p>\n<p><\/p>\n<p>Esta pol\u00edtica se revisa peri\u00f3dicamente para asegurar su vigencia, por lo que puede modificarse. Le recomendamos que visite la p\u00e1gina con regularidad, donde le informaremos de cualquier actualizaci\u00f3n.<\/p>\n<p>\u00a0<\/p>\n<p><\/p>\n<h3 class=\"wp-block-heading\"><strong>\u00bfD\u00f3nde puedo obtener m\u00e1s informaci\u00f3n?<\/strong><\/h3>\n<p><\/p>\n<p>Si necesita obtener m\u00e1s informaci\u00f3n sobre la directiva de\u00a0<em>cookies<\/em>, por favor, consulte el Bolet\u00edn Oficial del Estado publicado el pasado 31 de marzo de 2012 (para Espa\u00f1a), en el que se transponen las directivas en materia de comunicaciones electr\u00f3nicas. Tambi\u00e9n se puede consultar la directiva en\u00a0<a href=\"https:\/\/ico.org.uk\/\" target=\"_blank\" rel=\"noreferrer noopener\">Information Commissioner Office<\/a>\u00a0(en ingl\u00e9s).<\/p>\n<p><\/p>\n<p>Adicionalmente, puede acceder a unos v\u00eddeos did\u00e1cticos publicados por la Agencia Espa\u00f1ola de Protecci\u00f3n de Datos en los que se explica, paso a paso, c\u00f3mo configurar las opciones de privacidad de los navegadores, las redes sociales y los sistemas operativos m\u00f3viles m\u00e1s comunes, en\u00a0<a href=\"https:\/\/www.youtube.com\/user\/desdelaAEPD\" target=\"_blank\" rel=\"noreferrer noopener\">V\u00eddeos AEPD<\/a>.<\/p>\n<p><\/p>\t\t\t\t\t\t\t\t<\/div>\n\t\t\t\t<\/div>\n\t\t\t\t\t<\/div>\n\t\t<\/div>\n\t\t\t\t\t<\/div>\n\t\t<\/section>\n\t\t\t\t<\/div>","protected":false},"excerpt":{"rendered":"<p>Qu\u00e8 s\u00f3n les\u00a0cookies? Les\u00a0cookies\u00a0s\u00f3n petits arxius de dades que es reben en el terminal des del lloc web visitat i s\u2019usen per registrar certes interacciones de la navegaci\u00f3 en un lloc web emmagatzemant dades que podran ser actualitzades i recuperades. Aquests arxius s\u2019emmagatzemen en l\u2019ordinador de l\u2019usuari i contenen dades an\u00f2nimes que no s\u00f3n perjudicials [&hellip;]<\/p>\n","protected":false},"author":1,"featured_media":0,"parent":0,"menu_order":0,"comment_status":"closed","ping_status":"closed","template":"","meta":{"footnotes":""},"class_list":["post-3","page","type-page","status-publish","hentry"],"_links":{"self":[{"href":"https:\/\/fisiocorpgroup.com\/es\/wp-json\/wp\/v2\/pages\/3","targetHints":{"allow":["GET"]}}],"collection":[{"href":"https:\/\/fisiocorpgroup.com\/es\/wp-json\/wp\/v2\/pages"}],"about":[{"href":"https:\/\/fisiocorpgroup.com\/es\/wp-json\/wp\/v2\/types\/page"}],"author":[{"embeddable":true,"href":"https:\/\/fisiocorpgroup.com\/es\/wp-json\/wp\/v2\/users\/1"}],"replies":[{"embeddable":true,"href":"https:\/\/fisiocorpgroup.com\/es\/wp-json\/wp\/v2\/comments?post=3"}],"version-history":[{"count":5,"href":"https:\/\/fisiocorpgroup.com\/es\/wp-json\/wp\/v2\/pages\/3\/revisions"}],"predecessor-version":[{"id":673,"href":"https:\/\/fisiocorpgroup.com\/es\/wp-json\/wp\/v2\/pages\/3\/revisions\/673"}],"wp:attachment":[{"href":"https:\/\/fisiocorpgroup.com\/es\/wp-json\/wp\/v2\/media?parent=3"}],"curies":[{"name":"wp","href":"https:\/\/api.w.org\/{rel}","templated":true}]}}