{"id":509,"date":"2023-07-04T13:04:12","date_gmt":"2023-07-04T12:04:12","guid":{"rendered":"https:\/\/mintcream-horse-263861.hostingersite.com\/?page_id=509"},"modified":"2023-08-11T07:08:13","modified_gmt":"2023-08-11T06:08:13","slug":"blog","status":"publish","type":"page","link":"https:\/\/fisiocorpgroup.com\/es\/blog\/","title":{"rendered":"Blog"},"content":{"rendered":"\t\t<div data-elementor-type=\"wp-page\" data-elementor-id=\"509\" class=\"elementor elementor-509\" data-elementor-post-type=\"page\">\n\t\t\t\t\t\t<section class=\"elementor-section elementor-top-section elementor-element elementor-element-5ff0c6ac elementor-section-full_width elementor-section-height-min-height elementor-section-items-stretch elementor-section-content-middle elementor-reverse-mobile elementor-section-height-default\" data-id=\"5ff0c6ac\" data-element_type=\"section\" data-e-type=\"section\" data-settings=\"{&quot;background_background&quot;:&quot;classic&quot;,&quot;background_motion_fx_motion_fx_mouse&quot;:&quot;yes&quot;,&quot;background_motion_fx_mouseTrack_effect&quot;:&quot;yes&quot;,&quot;background_motion_fx_mouseTrack_speed&quot;:{&quot;unit&quot;:&quot;px&quot;,&quot;size&quot;:&quot;0.3&quot;,&quot;sizes&quot;:[]}}\">\n\t\t\t\t\t\t<div class=\"elementor-container elementor-column-gap-default\">\n\t\t\t\t\t<div class=\"elementor-column elementor-col-50 elementor-top-column elementor-element elementor-element-35552cfc\" data-id=\"35552cfc\" data-element_type=\"column\" data-e-type=\"column\">\n\t\t\t<div class=\"elementor-widget-wrap elementor-element-populated\">\n\t\t\t\t\t\t<div class=\"elementor-element elementor-element-553995c9 elementor-widget elementor-widget-heading\" data-id=\"553995c9\" data-element_type=\"widget\" data-e-type=\"widget\" data-widget_type=\"heading.default\">\n\t\t\t\t<div class=\"elementor-widget-container\">\n\t\t\t\t\t<h1 class=\"elementor-heading-title elementor-size-default\">Blog<\/h1>\t\t\t\t<\/div>\n\t\t\t\t<\/div>\n\t\t\t\t\t<\/div>\n\t\t<\/div>\n\t\t\t\t<div class=\"elementor-column elementor-col-50 elementor-top-column elementor-element elementor-element-483c5b23\" data-id=\"483c5b23\" data-element_type=\"column\" data-e-type=\"column\">\n\t\t\t<div class=\"elementor-widget-wrap elementor-element-populated\">\n\t\t\t\t\t\t<div class=\"elementor-element elementor-element-3dea5039 elementor-widget elementor-widget-image\" data-id=\"3dea5039\" data-element_type=\"widget\" data-e-type=\"widget\" data-settings=\"{&quot;motion_fx_motion_fx_mouse&quot;:&quot;yes&quot;,&quot;motion_fx_tilt_effect&quot;:&quot;yes&quot;,&quot;motion_fx_tilt_speed&quot;:{&quot;unit&quot;:&quot;px&quot;,&quot;size&quot;:&quot;1&quot;,&quot;sizes&quot;:[]},&quot;motion_fx_motion_fx_scrolling&quot;:&quot;yes&quot;,&quot;motion_fx_translateX_direction&quot;:&quot;negative&quot;,&quot;motion_fx_translateX_speed&quot;:{&quot;unit&quot;:&quot;px&quot;,&quot;size&quot;:&quot;2&quot;,&quot;sizes&quot;:[]},&quot;motion_fx_devices&quot;:[&quot;desktop&quot;,&quot;tablet&quot;],&quot;motion_fx_translateX_effect&quot;:&quot;yes&quot;,&quot;motion_fx_translateX_affectedRange&quot;:{&quot;unit&quot;:&quot;%&quot;,&quot;size&quot;:&quot;&quot;,&quot;sizes&quot;:{&quot;start&quot;:0,&quot;end&quot;:100}}}\" data-widget_type=\"image.default\">\n\t\t\t\t<div class=\"elementor-widget-container\">\n\t\t\t\t\t\t\t\t\t\t\t\t\t\t\t<img fetchpriority=\"high\" decoding=\"async\" width=\"300\" height=\"300\" src=\"https:\/\/fisiocorpgroup.com\/wp-content\/uploads\/2023\/06\/FISIOCORP-IMAGOTIPO-300x300.png\" class=\"attachment-medium size-medium wp-image-216\" alt=\"\" srcset=\"https:\/\/fisiocorpgroup.com\/wp-content\/uploads\/2023\/06\/FISIOCORP-IMAGOTIPO-300x300.png 300w, https:\/\/fisiocorpgroup.com\/wp-content\/uploads\/2023\/06\/FISIOCORP-IMAGOTIPO-150x150.png 150w, https:\/\/fisiocorpgroup.com\/wp-content\/uploads\/2023\/06\/FISIOCORP-IMAGOTIPO-12x12.png 12w, https:\/\/fisiocorpgroup.com\/wp-content\/uploads\/2023\/06\/FISIOCORP-IMAGOTIPO.png 500w\" sizes=\"(max-width: 300px) 100vw, 300px\" \/>\t\t\t\t\t\t\t\t\t\t\t\t\t\t\t<\/div>\n\t\t\t\t<\/div>\n\t\t\t\t\t<\/div>\n\t\t<\/div>\n\t\t\t\t\t<\/div>\n\t\t<\/section>\n\t\t\t\t<section class=\"elementor-section elementor-top-section elementor-element elementor-element-5af89b94 elementor-section-boxed elementor-section-height-default elementor-section-height-default\" data-id=\"5af89b94\" data-element_type=\"section\" data-e-type=\"section\" data-settings=\"{&quot;background_background&quot;:&quot;classic&quot;}\">\n\t\t\t\t\t\t\t<div class=\"elementor-background-overlay\"><\/div>\n\t\t\t\t\t\t\t<div class=\"elementor-container elementor-column-gap-default\">\n\t\t\t\t\t<div class=\"elementor-column elementor-col-100 elementor-top-column elementor-element elementor-element-2622a616\" data-id=\"2622a616\" data-element_type=\"column\" data-e-type=\"column\">\n\t\t\t<div class=\"elementor-widget-wrap elementor-element-populated\">\n\t\t\t\t\t\t<div class=\"elementor-element elementor-element-3df112ca elementor-grid-3 elementor-grid-tablet-2 elementor-grid-mobile-1 elementor-posts--thumbnail-top elementor-card-shadow-yes elementor-posts__hover-gradient elementor-widget elementor-widget-posts\" data-id=\"3df112ca\" data-element_type=\"widget\" data-e-type=\"widget\" data-settings=\"{&quot;cards_columns&quot;:&quot;3&quot;,&quot;cards_columns_tablet&quot;:&quot;2&quot;,&quot;cards_columns_mobile&quot;:&quot;1&quot;,&quot;cards_row_gap&quot;:{&quot;unit&quot;:&quot;px&quot;,&quot;size&quot;:35,&quot;sizes&quot;:[]},&quot;cards_row_gap_tablet&quot;:{&quot;unit&quot;:&quot;px&quot;,&quot;size&quot;:&quot;&quot;,&quot;sizes&quot;:[]},&quot;cards_row_gap_mobile&quot;:{&quot;unit&quot;:&quot;px&quot;,&quot;size&quot;:&quot;&quot;,&quot;sizes&quot;:[]}}\" data-widget_type=\"posts.cards\">\n\t\t\t\t<div class=\"elementor-widget-container\">\n\t\t\t\t\t\t\t<div class=\"elementor-posts-container elementor-posts elementor-posts--skin-cards elementor-grid\" role=\"list\">\n\t\t\t\t<article class=\"elementor-post elementor-grid-item post-168 post type-post status-publish format-standard has-post-thumbnail hentry category-news-events\" role=\"listitem\">\n\t\t\t<div class=\"elementor-post__card\">\n\t\t\t\t<a class=\"elementor-post__thumbnail__link\" href=\"https:\/\/fisiocorpgroup.com\/es\/la-importancia-de-fer-estiraments-cuida-el-teu-cos-i-millora-el-teu-rendiment\/\" tabindex=\"-1\" ><div class=\"elementor-post__thumbnail\"><img decoding=\"async\" width=\"300\" height=\"300\" src=\"https:\/\/fisiocorpgroup.com\/wp-content\/uploads\/2023\/07\/91863590_2380542285569507_5695773808668186273_n-300x300.jpg\" class=\"attachment-medium size-medium wp-image-400\" alt=\"\" srcset=\"https:\/\/fisiocorpgroup.com\/wp-content\/uploads\/2023\/07\/91863590_2380542285569507_5695773808668186273_n-300x300.jpg 300w, https:\/\/fisiocorpgroup.com\/wp-content\/uploads\/2023\/07\/91863590_2380542285569507_5695773808668186273_n-150x150.jpg 150w, https:\/\/fisiocorpgroup.com\/wp-content\/uploads\/2023\/07\/91863590_2380542285569507_5695773808668186273_n-12x12.jpg 12w, https:\/\/fisiocorpgroup.com\/wp-content\/uploads\/2023\/07\/91863590_2380542285569507_5695773808668186273_n.jpg 535w\" sizes=\"(max-width: 300px) 100vw, 300px\" \/><\/div><\/a>\n\t\t\t\t<div class=\"elementor-post__text\">\n\t\t\t\t<h3 class=\"elementor-post__title\">\n\t\t\t<a href=\"https:\/\/fisiocorpgroup.com\/es\/la-importancia-de-fer-estiraments-cuida-el-teu-cos-i-millora-el-teu-rendiment\/\" >\n\t\t\t\tLa import\u00e0ncia de fer estiraments: Cuida el teu cos i millora el teu rendiment\t\t\t<\/a>\n\t\t<\/h3>\n\t\t\n\t\t<a class=\"elementor-post__read-more\" href=\"https:\/\/fisiocorpgroup.com\/es\/la-importancia-de-fer-estiraments-cuida-el-teu-cos-i-millora-el-teu-rendiment\/\" aria-label=\"M\u00e1s informaci\u00f3n sobre La import\u00e0ncia de fer estiraments: Cuida el teu cos i millora el teu rendiment\" tabindex=\"-1\" >\n\t\t\tLlegir m\u00e9s\u00bb\t\t<\/a>\n\n\t\t\t\t<\/div>\n\t\t\t\t\t<\/div>\n\t\t<\/article>\n\t\t\t\t<article class=\"elementor-post elementor-grid-item post-171 post type-post status-publish format-standard has-post-thumbnail hentry category-news-events\" role=\"listitem\">\n\t\t\t<div class=\"elementor-post__card\">\n\t\t\t\t<a class=\"elementor-post__thumbnail__link\" href=\"https:\/\/fisiocorpgroup.com\/es\/relaxacio-i-gestio-de-lestres-cuida-de-la-teva-ment-i-el-teu-cos-amb-fisiocorp\/\" tabindex=\"-1\" ><div class=\"elementor-post__thumbnail\"><img decoding=\"async\" width=\"300\" height=\"200\" src=\"https:\/\/fisiocorpgroup.com\/wp-content\/uploads\/2023\/06\/FisioCorp_151-300x200.jpg\" class=\"attachment-medium size-medium wp-image-604\" alt=\"\" srcset=\"https:\/\/fisiocorpgroup.com\/wp-content\/uploads\/2023\/06\/FisioCorp_151-300x200.jpg 300w, https:\/\/fisiocorpgroup.com\/wp-content\/uploads\/2023\/06\/FisioCorp_151-1024x683.jpg 1024w, https:\/\/fisiocorpgroup.com\/wp-content\/uploads\/2023\/06\/FisioCorp_151-768x512.jpg 768w, https:\/\/fisiocorpgroup.com\/wp-content\/uploads\/2023\/06\/FisioCorp_151-1536x1024.jpg 1536w, https:\/\/fisiocorpgroup.com\/wp-content\/uploads\/2023\/06\/FisioCorp_151-2048x1365.jpg 2048w, https:\/\/fisiocorpgroup.com\/wp-content\/uploads\/2023\/06\/FisioCorp_151-18x12.jpg 18w\" sizes=\"(max-width: 300px) 100vw, 300px\" \/><\/div><\/a>\n\t\t\t\t<div class=\"elementor-post__text\">\n\t\t\t\t<h3 class=\"elementor-post__title\">\n\t\t\t<a href=\"https:\/\/fisiocorpgroup.com\/es\/relaxacio-i-gestio-de-lestres-cuida-de-la-teva-ment-i-el-teu-cos-amb-fisiocorp\/\" >\n\t\t\t\tRelaxaci\u00f3 i gesti\u00f3 de l&#8217;estr\u00e9s: Cuida de la teva ment i el teu cos amb Fisiocorp\t\t\t<\/a>\n\t\t<\/h3>\n\t\t\n\t\t<a class=\"elementor-post__read-more\" href=\"https:\/\/fisiocorpgroup.com\/es\/relaxacio-i-gestio-de-lestres-cuida-de-la-teva-ment-i-el-teu-cos-amb-fisiocorp\/\" aria-label=\"M\u00e1s informaci\u00f3n sobre Relaxaci\u00f3 i gesti\u00f3 de l&#8217;estr\u00e9s: Cuida de la teva ment i el teu cos amb Fisiocorp\" tabindex=\"-1\" >\n\t\t\tLlegir m\u00e9s\u00bb\t\t<\/a>\n\n\t\t\t\t<\/div>\n\t\t\t\t\t<\/div>\n\t\t<\/article>\n\t\t\t\t<article class=\"elementor-post elementor-grid-item post-172 post type-post status-publish format-standard has-post-thumbnail hentry category-news-events\" role=\"listitem\">\n\t\t\t<div class=\"elementor-post__card\">\n\t\t\t\t<a class=\"elementor-post__thumbnail__link\" href=\"https:\/\/fisiocorpgroup.com\/es\/beneficis-de-la-fisioterapia-que-et-portaran-cap-a-una-vida-mes-saludable\/\" tabindex=\"-1\" ><div class=\"elementor-post__thumbnail\"><img loading=\"lazy\" decoding=\"async\" width=\"300\" height=\"200\" src=\"https:\/\/fisiocorpgroup.com\/wp-content\/uploads\/2023\/06\/FisioCorp_145-300x200.jpg\" class=\"attachment-medium size-medium wp-image-609\" alt=\"\" srcset=\"https:\/\/fisiocorpgroup.com\/wp-content\/uploads\/2023\/06\/FisioCorp_145-300x200.jpg 300w, https:\/\/fisiocorpgroup.com\/wp-content\/uploads\/2023\/06\/FisioCorp_145-1024x683.jpg 1024w, https:\/\/fisiocorpgroup.com\/wp-content\/uploads\/2023\/06\/FisioCorp_145-768x512.jpg 768w, https:\/\/fisiocorpgroup.com\/wp-content\/uploads\/2023\/06\/FisioCorp_145-1536x1024.jpg 1536w, https:\/\/fisiocorpgroup.com\/wp-content\/uploads\/2023\/06\/FisioCorp_145-2048x1365.jpg 2048w, https:\/\/fisiocorpgroup.com\/wp-content\/uploads\/2023\/06\/FisioCorp_145-18x12.jpg 18w\" sizes=\"(max-width: 300px) 100vw, 300px\" \/><\/div><\/a>\n\t\t\t\t<div class=\"elementor-post__text\">\n\t\t\t\t<h3 class=\"elementor-post__title\">\n\t\t\t<a href=\"https:\/\/fisiocorpgroup.com\/es\/beneficis-de-la-fisioterapia-que-et-portaran-cap-a-una-vida-mes-saludable\/\" >\n\t\t\t\tBeneficis de la fisioter\u00e0pia que et portaran cap a una vida m\u00e9s saludable\t\t\t<\/a>\n\t\t<\/h3>\n\t\t\n\t\t<a class=\"elementor-post__read-more\" href=\"https:\/\/fisiocorpgroup.com\/es\/beneficis-de-la-fisioterapia-que-et-portaran-cap-a-una-vida-mes-saludable\/\" aria-label=\"M\u00e1s informaci\u00f3n sobre Beneficis de la fisioter\u00e0pia que et portaran cap a una vida m\u00e9s saludable\" tabindex=\"-1\" >\n\t\t\tLlegir m\u00e9s\u00bb\t\t<\/a>\n\n\t\t\t\t<\/div>\n\t\t\t\t\t<\/div>\n\t\t<\/article>\n\t\t\t\t<\/div>\n\t\t\n\t\t\t\t\t\t<\/div>\n\t\t\t\t<\/div>\n\t\t\t\t\t<\/div>\n\t\t<\/div>\n\t\t\t\t\t<\/div>\n\t\t<\/section>\n\t\t\t\t<\/div>\n\t\t","protected":false},"excerpt":{"rendered":"<p>Blog<\/p>","protected":false},"author":1,"featured_media":0,"parent":0,"menu_order":0,"comment_status":"closed","ping_status":"closed","template":"","meta":{"footnotes":""},"class_list":["post-509","page","type-page","status-publish","hentry"],"_links":{"self":[{"href":"https:\/\/fisiocorpgroup.com\/es\/wp-json\/wp\/v2\/pages\/509","targetHints":{"allow":["GET"]}}],"collection":[{"href":"https:\/\/fisiocorpgroup.com\/es\/wp-json\/wp\/v2\/pages"}],"about":[{"href":"https:\/\/fisiocorpgroup.com\/es\/wp-json\/wp\/v2\/types\/page"}],"author":[{"embeddable":true,"href":"https:\/\/fisiocorpgroup.com\/es\/wp-json\/wp\/v2\/users\/1"}],"replies":[{"embeddable":true,"href":"https:\/\/fisiocorpgroup.com\/es\/wp-json\/wp\/v2\/comments?post=509"}],"version-history":[{"count":5,"href":"https:\/\/fisiocorpgroup.com\/es\/wp-json\/wp\/v2\/pages\/509\/revisions"}],"predecessor-version":[{"id":768,"href":"https:\/\/fisiocorpgroup.com\/es\/wp-json\/wp\/v2\/pages\/509\/revisions\/768"}],"wp:attachment":[{"href":"https:\/\/fisiocorpgroup.com\/es\/wp-json\/wp\/v2\/media?parent=509"}],"curies":[{"name":"wp","href":"https:\/\/api.w.org\/{rel}","templated":true}]}}