{"id":832,"date":"2023-09-06T07:44:30","date_gmt":"2023-09-06T06:44:30","guid":{"rendered":"https:\/\/mintcream-horse-263861.hostingersite.com\/?page_id=832"},"modified":"2023-09-06T07:47:32","modified_gmt":"2023-09-06T06:47:32","slug":"declaracion-accesibilidad","status":"publish","type":"page","link":"https:\/\/fisiocorpgroup.com\/es\/declaracio-daccesibilitat\/","title":{"rendered":"Declaraci\u00f3n de accesibilidad"},"content":{"rendered":"<div data-elementor-type=\"wp-page\" data-elementor-id=\"832\" class=\"elementor elementor-832\" data-elementor-post-type=\"page\">\n\t\t\t\t\t\t<section class=\"elementor-section elementor-top-section elementor-element elementor-element-3f12c5c1 elementor-section-boxed elementor-section-height-default elementor-section-height-default\" data-id=\"3f12c5c1\" data-element_type=\"section\" data-e-type=\"section\">\n\t\t\t\t\t\t<div class=\"elementor-container elementor-column-gap-default\">\n\t\t\t\t\t<div class=\"elementor-column elementor-col-100 elementor-top-column elementor-element elementor-element-15a4db13\" data-id=\"15a4db13\" data-element_type=\"column\" data-e-type=\"column\">\n\t\t\t<div class=\"elementor-widget-wrap elementor-element-populated\">\n\t\t\t\t\t\t<div class=\"elementor-element elementor-element-447bd935 elementor-widget elementor-widget-text-editor\" data-id=\"447bd935\" data-element_type=\"widget\" data-e-type=\"widget\" data-widget_type=\"text-editor.default\">\n\t\t\t\t<div class=\"elementor-widget-container\">\n\t\t\t\t\t\t\t\t\t\n<h3 class=\"wp-block-heading\"><b>DECLARACI\u00d3N DE ACCESIBILIDAD<\/b><\/h3>\n\n<p><span style=\"font-weight: 400;\">Estamos comprometidos a hacer accesible nuestro sitio web de conformidad con el <\/span><a href=\"https:\/\/www.boe.es\/buscar\/act.php?id=BOE-A-2018-12699\" target=\"_blank\" rel=\"noopener\"><span style=\"font-weight: 400;\">Real Decreto 1112\/2018, de 7 de septiembre,<\/span><\/a><span style=\"font-weight: 400;\"> sobre accesibilidad de los sitios web y aplicaciones para dispositivos m\u00f3viles del sector p\u00fablico (en adelante Real Decreto 1112\/2018, de 7 de septiembre).<\/span><\/p>\n<h5>\u00a0<\/h5>\n<h5><b>SITUACI\u00d3N DE CUMPLIMIENTO<\/b><\/h5>\n<p><span style=\"font-weight: 400;\">Este sitio web es parcialmente conforme al Real decreto 1112\/2018, de 7 de septiembre, debido a la falta de conformidad de los aspectos que se indican a continuaci\u00f3n.<\/span><\/p>\n<h5><b>CONTENIDO NO ACCESIBLE<\/b><\/h5>\n<p><span style=\"font-weight: 400;\">El contenido que se recoge a continuaci\u00f3n no es accesible por lo siguiente:<\/span><\/p>\n<ol>\n<li style=\"font-weight: 400;\" aria-level=\"1\"><span style=\"font-weight: 400;\">Carece de conformidad con el Real Decreto 1112\/2018, de 7 de septiembre: podr\u00edan existir errores puntuales de edici\u00f3n en alguna p\u00e1gina web, tanto en contenidos HTML como en documentos finales, publicados en fecha posterior al 20 de septiembre de 2018 (fecha de entrada en vigor del Real Decreto 1112\/2018, de 7 de septiembre). Concretamente puede haber errores en aquellos documentos que contienen gr\u00e1ficos, tablas complejas o en aquellos firmados electr\u00f3nicamente antes de la revisi\u00f3n de accesibilidad.<\/span><\/li>\n<li style=\"font-weight: 400;\" aria-level=\"1\"><span style=\"font-weight: 400;\">Carga desproporcionada: no se aplica.<\/span><\/li>\n<li style=\"font-weight: 400;\" aria-level=\"1\"><span style=\"font-weight: 400;\">El contenido no entra en el \u00e1mbito de la legislaci\u00f3n aplicable: Existen archivos ofim\u00e1ticos en PDF u otros formatos publicados antes del 20 de septiembre de 2018 que no cumplen totalmente todos los requisitos de accesibilidad; tambi\u00e9n pueden estar en esta situaci\u00f3n contenidos de terceros no financiados, ni desarrollados, ni bajo el control del Ministerio.<\/span><\/li>\n<\/ol>\n<p>\u00a0<\/p>\n<h5><b>PREPARACI\u00d3N DE LA PRESENTE DECLARACI\u00d3N DE ACCESIBILIDAD<\/b><\/h5>\n<p><span style=\"font-weight: 400;\">Esta declaraci\u00f3n fue preparada el <\/span><span style=\"font-weight: 400;\">1 de septiembre<\/span><span style=\"font-weight: 400;\"> de 2023.<\/span><\/p>\n<p><span style=\"font-weight: 400;\">El m\u00e9todo empleado para preparar la declaraci\u00f3n ha sido una autoevaluaci\u00f3n llevada a cabo por el propio organismo.<\/span><\/p>\n<h5><b>OBSERVACIONES Y DATOS DE CONTACTO<\/b><\/h5>\n<p><span style=\"font-weight: 400;\">Puede realizar comunicaciones sobre requisitos de accesibilidad (art\u00edculo 10.2.a) del Real decreto 1112\/2018, de 7 de septiembre) como, por ejemplo:<\/span><\/p>\n<p><span style=\"font-weight: 400;\">Informar sobre cualquier posible incumplimiento por parte de este sitio web.<\/span><\/p>\n<p><span style=\"font-weight: 400;\">Transmitir otras dificultades de acceso al contenido.<\/span><\/p>\n<p><span style=\"font-weight: 400;\">Formular cualquier otra consulta o sugerencia de mejora relativa a la accesibilidad del sitio web.<\/span><\/p>\n<p><span style=\"font-weight: 400;\">A trav\u00e9s de las siguientes v\u00edas:<\/span><\/p>\n<ul>\n<li style=\"font-weight: 400;\" aria-level=\"1\"><span style=\"font-weight: 400;\">Correo electr\u00f3nico: info@fisiocorpgroup.com<\/span><\/li>\n<li style=\"font-weight: 400;\" aria-level=\"1\"><span style=\"font-weight: 400;\">Tel\u00e9fono: 670933740<\/span><\/li>\n<li style=\"font-weight: 400;\" aria-level=\"1\"><span style=\"font-weight: 400;\">Las comunicaciones ser\u00e1n recibidas y tratadas por la direcci\u00f3n de la empresa como unidad responsable de los contenidos de este sitio web.<\/span><\/li>\n<\/ul>\n<p>\u00a0<\/p>\n<h5><b>CONTENIDO OPCIONAL<\/b><\/h5>\n<p><span style=\"font-weight: 400;\">La versi\u00f3n actualmente visible de este sitio web es de <\/span><span style=\"font-weight: 400;\">septiembre de 2023<\/span><span style=\"font-weight: 400;\"> y en esa fecha se hizo la revisi\u00f3n del nivel de accesibilidad vigente al momento.<\/span><\/p>\n<p><span style=\"font-weight: 400;\">A partir de la fecha mencionada se llevan a cabo revisiones parciales diarias del contenido web nuevo o modificado, tanto de las plantillas como de las p\u00e1ginas y documentos finales publicados, a fin de asegurar el cumplimiento de los requerimientos de accesibilidad de la Norma UNE- EN 301549:2019, considerando las excepciones del Real Decreto 1112\/2018, de 7 de septiembre.<\/span><\/p>\n<p><span style=\"font-weight: 400;\">Entre otras, se adoptan las siguientes medidas para facilitar la accesibilidad:<\/span><\/p>\n<ul>\n<li style=\"font-weight: 400;\" aria-level=\"1\"><span style=\"font-weight: 400;\">Utilizaci\u00f3n de texto alternativo en las im\u00e1genes.<\/span><\/li>\n<li style=\"font-weight: 400;\" aria-level=\"1\"><span style=\"font-weight: 400;\">Los enlaces ofrecen detalles de la funci\u00f3n o destino del hiperenlace.<\/span><\/li>\n<li style=\"font-weight: 400;\" aria-level=\"1\"><span style=\"font-weight: 400;\">Uso de los est\u00e1ndares del W3C: XHTML 1.0, CSS 3.0, WAI AA<\/span><\/li>\n<\/ul>\n\t\t\t\t\t\t\t\t<\/div>\n\t\t\t\t<\/div>\n\t\t\t\t\t<\/div>\n\t\t<\/div>\n\t\t\t\t\t<\/div>\n\t\t<\/section>\n\t\t\t\t<\/div>","protected":false},"excerpt":{"rendered":"<p>DECLARACI\u00d3 D&#8217;ACCESSIBILITAT Estem compromesos a fer accessible el nostre lloc web de conformitat amb el Reial Decret 1112\/2018, de 7 de setembre, sobre accessibilitat dels llocs web i aplicacions per a dispositius m\u00f2bils del sector p\u00fablic (d&#8217;ara endavant, Reial Decret 1112\/2018, de 7 de setembre). \u00a0 SITUACI\u00d3 DE COMPLIMENT Aquest lloc web \u00e9s parcialment conforme [&hellip;]<\/p>\n","protected":false},"author":1,"featured_media":0,"parent":0,"menu_order":0,"comment_status":"closed","ping_status":"closed","template":"","meta":{"footnotes":""},"class_list":["post-832","page","type-page","status-publish","hentry"],"_links":{"self":[{"href":"https:\/\/fisiocorpgroup.com\/es\/wp-json\/wp\/v2\/pages\/832","targetHints":{"allow":["GET"]}}],"collection":[{"href":"https:\/\/fisiocorpgroup.com\/es\/wp-json\/wp\/v2\/pages"}],"about":[{"href":"https:\/\/fisiocorpgroup.com\/es\/wp-json\/wp\/v2\/types\/page"}],"author":[{"embeddable":true,"href":"https:\/\/fisiocorpgroup.com\/es\/wp-json\/wp\/v2\/users\/1"}],"replies":[{"embeddable":true,"href":"https:\/\/fisiocorpgroup.com\/es\/wp-json\/wp\/v2\/comments?post=832"}],"version-history":[{"count":4,"href":"https:\/\/fisiocorpgroup.com\/es\/wp-json\/wp\/v2\/pages\/832\/revisions"}],"predecessor-version":[{"id":836,"href":"https:\/\/fisiocorpgroup.com\/es\/wp-json\/wp\/v2\/pages\/832\/revisions\/836"}],"wp:attachment":[{"href":"https:\/\/fisiocorpgroup.com\/es\/wp-json\/wp\/v2\/media?parent=832"}],"curies":[{"name":"wp","href":"https:\/\/api.w.org\/{rel}","templated":true}]}}